{"id":7730,"date":"2021-08-17T08:55:39","date_gmt":"2021-08-17T08:55:39","guid":{"rendered":"https:\/\/www.unidroit.org\/?page_id=7730"},"modified":"2021-08-17T08:55:44","modified_gmt":"2021-08-17T08:55:44","slug":"bibliographie","status":"publish","type":"page","link":"https:\/\/www.unidroit.org\/fr\/instruments\/garanties-internationales\/protocole-ferroviaire\/bibliographie\/","title":{"rendered":"Bibliographie"},"content":{"rendered":"<div class=\"wpb-content-wrapper\"><p>[vc_row][vc_column css=&#8221;.vc_custom_1490017614850{margin-bottom: 30px !important;}&#8221;][vc_custom_heading text=&#8221;BIBLIOGRAPHIE&#8221; font_container=&#8221;tag:h1|text_align:left&#8221; use_theme_fonts=&#8221;yes&#8221; css=&#8221;.vc_custom_1629190595765{margin-top: 0px !important;margin-bottom: 20px !important;}&#8221;][vc_custom_heading text=&#8221;SELECT BIBLIOGRAPHY &#8211; RAIL PROTOCOL \/ BIBLIOGRAPHIE &#8211; PROTOCOLE FERROVIAIRE&#8221; font_container=&#8221;tag:h4|text_align:left&#8221; use_theme_fonts=&#8221;yes&#8221;][\/vc_column][\/vc_row][vc_row css=&#8221;.vc_custom_1622455036974{background-color: #f2f2f2 !important;}&#8221;][vc_column css=&#8221;.vc_custom_1490017614850{margin-bottom: 30px !important;}&#8221;][vc_column_text]<\/p>\n<p style=\"text-align: left;\" align=\"center\"><strong>Select bibliography on the Luxembourg Protocol to the Convention on International Interests in Mobile Equipment on Matters specific to Railway Rolling Stock (Luxembourg, 23 February 2007)<\/strong><\/p>\n<p style=\"text-align: left;\" align=\"center\"><strong><br \/>\nInformations bibliographiques sur le Protocole de Luxembourg portant sur les questions sp\u00e9cifiques au mat\u00e9riel roulant ferroviaire \u00e0 la Convention relative aux garanties internationales portant sur des mat\u00e9riels d\u2019\u00e9quipement mobiles (Luxembourg, 23 f\u00e9vrier 2007)<\/strong><\/p>\n<p style=\"text-align: left;\" align=\"center\"><strong>&#8212;<\/strong><\/p>\n<p>&nbsp;<\/p>\n<p><a href=\"https:\/\/www.unidroit.org\/english\/conventions\/mobile-equipment\/publications\/commentaryconvention&amp;railprotocol.pdf\">Goode, R. &#8211; Official Commentary on the Convention on International Interests in Mobile Equipment (Cape Town, 2001) and Protocol thereto on Matters specific to Railway Rolling Stock (Luxembourg, 2007). (Second Edition)<\/a>. UNIDROIT, 2014, pp. xv + 583.<\/p>\n<p><strong>&#8212;<\/strong><\/p>\n<p>ANDEN\u00c6S, Mads T. \u2013 FAIRGRIEVE, Duncan \u2013 There is a world elsewhere &#8211; Lord Bingham and comparative law: the Cape Town Convention and Protocols and their contribution to international commercial law, in: Tom Bingham and the transformation of the law, 2009, pp. 867-866.<\/p>\n<p>BODUNGEN, B.B. von &#8211; SCHOTT, K. &#8211; The Public Service Exemption under the Luxembourg Rail Protocol: A German Perspective, in: Uniform Law Review \/ Revue de droit uniforme, NS 12 (2007), 573-583.<\/p>\n<p>BOLLWEG, H.-G. &#8211; SCHNELL, K. &#8211; Liability of the Registrar for the Registration of International Interests Pursuant to the Luxembourg Rail Protocol, in: Uniform Law Review \/ Revue de droit uniforme, NS 12 (2007), 559-572.<\/p>\n<p>CASTILLO-TRIANA, R. &#8211; The Relevance of the Luxembourg Protocol for Central and South America, in: Uniform Law Review \/ Revue de droit uniforme, NS 12 (2007), 461-472.<\/p>\n<p>ESSONO, F.E. &#8211; Qu&#8217;est que le Gabon et l&#8217;Afrique peuvent attendre de la Convention du Cap et du Protocole de Luxembourg? in: Uniform Law Review \/ Revue de droit uniforme, NS 12 (2007), 449-460.<\/p>\n<p>GOODE, Royston M. \u2013 Convention on International Interests in Mobile Equipment and Luxembourg protocol thereto on matters specific to railway rolling stock: Official commentary \/ by Sir Roy Goode. \u2013 2nd ed. &#8211; Rome : UNIDROIT, 2014, pp. xv-583. \u2013 ISBN 978-88-86449-29-8.<\/p>\n<p>GOODE, Royston M. \u2013 The treatment of intangible assets under the Cape Town Convention and Protocols, in: Cape Town Convention Journal, 2013, pp. 41-49.<\/p>\n<p><a href=\"https:\/\/www.unidroit.org\/english\/publications\/commentaryconvention&amp;railprotocol.pdf\">Goode, R. &#8211; Official Commentary on the Convention on International Interests in Mobile Equipment (Cape Town, 2001) and Protocol thereto on Matters specific to Railway Rolling Stock (Luxembourg, 2007)<\/a>. UNIDROIT, 2008, pp. vi + 455.<\/p>\n<p>JOSIPOVIC, T. &#8211; The Rail Potocol and Croatian Secured Transactions Law, in: Uniform Law Review \/ Revue de droit uniforme, NS 12 (2007), 489-512.<\/p>\n<p>KAFKA, G. &#8211; The Supervisory Authority and its Secretariat according to the Luxembourg Protocol, in: Uniform Law Review \/ Revue de droit uniforme, NS 12 (2007), 551-557.<\/p>\n<p>KRONKE, H. &#8211; The Luxembourg Protocol to the Cape Town Convention: A Pillar for the Bridge to the Future of Rail Transportation, in: Uniform Law Review \/ Revue de droit uniforme, NS 12 (2007), 420-425. [en anglais et en fran\u00e7ais]<\/p>\n<p>POULAIN, B. &#8211; La Convention du Cap et le Protocole de Luxembourg: \u00e9volutions du point de vue fran\u00e7ais, in: Uniform Law Review \/ Revue de droit uniforme, NS 12 (2007), 513-529.<\/p>\n<p>ROSEN, Howard \u2013 Public service and the Cape Town Convention, in: Cape Town Convention Journal, 2013, pp. 131-147.<\/p>\n<p>ROSEN, H. &#8211; The Luxembourg Protocol: A Major Advance for the Railway Industry, in: Uniform Law Review \/ Revue de droit uniforme, NS 12 (2007), 427-448.<\/p>\n<p>WILSON, J.M. &#8211; Movable Equipment Financing in Latin America: Application of the OAS Model Law, the Cape Town Convention and the Luxembourg Rail Protocol, in: Uniform Law Review \/ Revue de droit uniforme, NS 12 (2007), 473-487.<\/p>\n<p>VAN ZWIETEN, K. \u2013 The Insolvency Provisions of the Cape Town Convention and Protocols : Historical and Economic Perspectives, in: Cape Town Convention Journal, 1 (2012) pp. 53-77.<\/p>\n<p>&nbsp;<\/p>\n<p>&nbsp;<\/p>\n<p style=\"text-align: left;\" align=\"center\"><strong>Select bibliography on the Draft Protocol to the Convention on International Interests in Mobile Equipment on Matters specific to Railway Rolling Stock<\/strong><strong>\u00a0<\/strong><\/p>\n<p style=\"text-align: left;\" align=\"center\"><strong>Informations bibliographiques sur le projet de Protocole portant sur les questions sp\u00e9cifiques au mat\u00e9riel ferroviaire \u00e0 la Convention relative aux garanties internationales portant sur des mat\u00e9riels d\u2019\u00e9quipement mobiles<\/strong><\/p>\n<p style=\"text-align: left;\" align=\"center\">&#8212;<\/p>\n<p>Institut international pour l\u2018unification du droit priv\u00e9 (UNIDROIT), Projet de Convention relative aux garanties internationales portant sur des mat\u00e9riels d\u2018\u00e9quipement mobiles, Groupe de travail \u201cChemins de fer\u201c, in: Bulletin des transports internationaux ferroviaires, 108 (2000), 66-67.<\/p>\n<p>Institut international pour l\u2018unification du droit priv\u00e9 (UNIDROIT), [Note sur le] Projet de Convention relative aux garanties internationales portant sur des mat\u00e9riels d\u2018\u00e9quipement mobiles [en fran\u00e7ais et en allemand], in: Bulletin des transports internationaux ferroviaires, 108 (2000), 144-145.<\/p>\n<p><a href=\"https:\/\/www.unidroit.org\/english\/documents\/2004\/study72h\/s-72h-16-e.pdf\">International legal regimen for the taking of security in high-value mobile equipment \u2013 possibilities and challenges<\/a>\u00a0. Acts of the Colloquium organised by the International Institute for the Unification of Private Law (UNIDROIT), the Intergovernmental Organisation for International Carriage by Rail (OTIF), under the auspices of the Government of Mexico and the MexicanCenter of Uniform Law (Ex-Colegio de la Santa Cruz de Tlatelolco, Mexico City, 11-12 October 2004). Rome, UNIDROIT, 2004.<\/p>\n<p>International legal regimen for the taking of security in high-value mobile equipment \u2013 possibilities and challenges. Colloquium held in Mexico City, 11 12 October 2004, in: Uniform Law Review \/ Revue de droit uniforme, 9 (2004), 596-599.<\/p>\n<p>KOZUKA, S. &#8211; Rail Protocol to UNIDROIT&#8217;s Mobile Equipment Convention and the asset based finacing [in Japanese], in: Journal of the Japan Overseas Rolling Stock Association, no. 217 (2003), 1-10.<\/p>\n<p>MUTZ, G. \u2013 Le r\u00e9gime international pour les garanties propos\u00e9 par UNIDROIT: l\u2019int\u00e9r\u00eat du secteur ferroviaire et de l\u2019OTIF en particulier [en fran\u00e7ais et en allemand], in: Bulletin des transports internationaux ferroviaires, 107 (1999), 238-249.<\/p>\n<p>MUTZ, G. \u2013 Le r\u00e9gime international pour les garanties propos\u00e9 par UNIDROIT: l\u2019int\u00e9r\u00eat du secteur ferroviaire et de l\u2019OTIF en particulier, in: Uniform Law Review, (1999), 469-477.<\/p>\n<p>OTIF-UNIDROIT Projet de Protocole sur les questions sp\u00e9cifiques au mat\u00e9riel roulant ferroviaire \u00e0 la Convention relative aux garanties internationales portant sur des mat\u00e9riels d\u2019\u00e9quipement mobiles, [Note sur la] 1\u00e8re r\u00e9union conjointe, Berne, 15\/16 mars 2001, in: Bulletin des transports internationaux ferroviaires, 109 (2001), 8-9.<\/p>\n<p>OTIF-UNIDROIT Projet de Protocole portant sur les questions sp\u00e9cifiques au mat\u00e9riel roulant ferroviaire \u00e0 la Convention relative aux garanties internationales portant sur des mat\u00e9riels d\u2019\u00e9quipement mobiles. [Note sur la] Deuxi\u00e8me Session conjointe du Comit\u00e9 d\u2019experts gouvernementaux, Rome, 17-19 juin 2002, in: Bulletin des transports internationaux ferroviaires, 110 (2002), 28-30.<\/p>\n<p>OTIF-UNIDROIT Projet de Protocole portant sur les questions sp\u00e9cifiques au mat\u00e9riel roulant ferroviaire \u00e0 la Convention relative aux garanties internationales portant sur des mat\u00e9riels d\u2019\u00e9quipement mobiles. [Note sur la] Troisi\u00e8me Session conjointe du Comit\u00e9 d\u2019experts gouvernementaux, Rome, 5-13 mai 2003, in: Bulletin des transports internationaux ferroviaires, 111 (2003), 24-26.<\/p>\n<p><a href=\"https:\/\/www.unidroit.org\/english\/documents\/2004\/study72h\/s-72h-15-e.pdf\">Preliminary Draft Rail Protocol to the Cape Town Convention on International Interests in Mobile Equipment: An Opportunity for Governments and Industry to Compare Notes in the Run-up to the Diplomatic Conference<\/a>\u00a0. Acts of the Colloquium organised by the International Institute for the Unification of Private Law (UNIDROIT), the Intergovernmental Organisation for International Carriage by Rail (OTIF) and the Rail Working Group, in co-operation with the Government of Poland, at the Headquarters of the Organisation for the Collaboration between Railways (PSShD OSJDF) (Warsaw, 15-16 April 2004). Rome, UNIDROIT, 2004.<\/p>\n<p><a href=\"https:\/\/www.unidroit.org\/english\/conventions\/mobile-equipment\/bibliography\/articles\/rail\/rosen1999.pdf\">ROSEN, H. \u2013 Creating an international security structure for railway rolling stock: an idea ahead of its time?<\/a>\u00a0\u00a0in: Uniform Law Review \/ Revue de droit uniforme, NS 4 (1999), 313-322.<\/p>\n<p><a href=\"https:\/\/www.unidroit.org\/english\/conventions\/mobile-equipment\/bibliography\/articles\/rail\/rosen2001-e.pdf\">ROSEN, H. \u2013 Building a Railway to the Future \u2013 Progress on the Draft UNIDROIT \/ OTIF Rail Protocol<\/a>\u00a0[in English and in French]\u00a0\u00a0in: Uniform Law Review \/ Revue de droit uniforme, NS 6 (2001), 50-59.<\/p>\n<p><a href=\"https:\/\/www.unidroit.org\/english\/conventions\/mobile-equipment\/bibliography\/articles\/rail\/rosen2001-f.pdf\">ROSEN, H. \u2013 Les chemins de fer face aux enjeux de demain \u2013 Etat des travaux sur le projet de Protocole ferroviaire UNIDROIT \/ OTIF<\/a>\u00a0\u00a0[en fran\u00e7ais et en anglais] in: Uniform Law Review \/ Revue de droit uniforme, NS 6 (2001), 50-59.<\/p>\n<p>ROSEN, H. \u2013 The regimen of the Railway Rolling Stock Protocol, in: European Review of Private Law, 12 (2004), 26-36.<\/p>\n<p>STANFORD, M.J. \u2013 UNIDROIT\u2019s project for the creation of a new international regimen governing the taking of security over high-value mobile equipment: a window of opportunity for the financing of railway rolling stock and commercial space activities, in: XXVI Seminario Nacional de Derecho Internacional Privado y Comparado (Tijuana, B.C., M\u00e9xico, 13 \/ 16 November), pp. 1-12.<\/p>\n<p>STANFORD, M.J. \u2013 UNIDROIT\u2019s project for a creation of a new international regimen governing the taking of security over high-value mobile equipment: a window of opportunity for the financing of railway rolling stock and commercial space activities, in: Revista mexicana de derecho internacional privado y comparado, (2003),91-150.[\/vc_column_text][\/vc_column][\/vc_row][vc_row][vc_column][vc_empty_space height=&#8221;10px&#8221;][\/vc_column][\/vc_row]<\/p>\n<\/div>","protected":false},"excerpt":{"rendered":"<p>[vc_row][vc_column css=&#8221;.vc_custom_1490017614850{margin-bottom: 30px !important;}&#8221;][vc_custom_heading text=&#8221;BIBLIOGRAPHIE&#8221; font_container=&#8221;tag:h1|text_align:left&#8221; use_theme_fonts=&#8221;yes&#8221; css=&#8221;.vc_custom_1629190595765{margin-top: 0px !important;margin-bottom: 20px !important;}&#8221;][vc_custom_heading text=&#8221;SELECT BIBLIOGRAPHY &#8211; RAIL PROTOCOL \/ BIBLIOGRAPHIE &#8211; PROTOCOLE FERROVIAIRE&#8221; font_container=&#8221;tag:h4|text_align:left&#8221; use_theme_fonts=&#8221;yes&#8221;][\/vc_column][\/vc_row][vc_row css=&#8221;.vc_custom_1622455036974{background-color: #f2f2f2 !important;}&#8221;][vc_column css=&#8221;.vc_custom_1490017614850{margin-bottom: 30px !important;}&#8221;][vc_column_text] Select bibliography on the Luxembourg Protocol to the Convention on International Interests in Mobile Equipment&nbsp;<a href=\"https:\/\/www.unidroit.org\/fr\/instruments\/garanties-internationales\/protocole-ferroviaire\/bibliographie\/\">&hellip;<\/a><\/p>\n","protected":false},"author":20,"featured_media":0,"parent":7603,"menu_order":0,"comment_status":"closed","ping_status":"closed","template":"","meta":{"ep_exclude_from_search":false,"footnotes":""},"class_list":["post-7730","page","type-page","status-publish","format-standard","hentry","odd"],"_links":{"self":[{"href":"https:\/\/www.unidroit.org\/fr\/wp-json\/wp\/v2\/pages\/7730","targetHints":{"allow":["GET"]}}],"collection":[{"href":"https:\/\/www.unidroit.org\/fr\/wp-json\/wp\/v2\/pages"}],"about":[{"href":"https:\/\/www.unidroit.org\/fr\/wp-json\/wp\/v2\/types\/page"}],"author":[{"embeddable":true,"href":"https:\/\/www.unidroit.org\/fr\/wp-json\/wp\/v2\/users\/20"}],"replies":[{"embeddable":true,"href":"https:\/\/www.unidroit.org\/fr\/wp-json\/wp\/v2\/comments?post=7730"}],"version-history":[{"count":0,"href":"https:\/\/www.unidroit.org\/fr\/wp-json\/wp\/v2\/pages\/7730\/revisions"}],"up":[{"embeddable":true,"href":"https:\/\/www.unidroit.org\/fr\/wp-json\/wp\/v2\/pages\/7603"}],"wp:attachment":[{"href":"https:\/\/www.unidroit.org\/fr\/wp-json\/wp\/v2\/media?parent=7730"}],"curies":[{"name":"wp","href":"https:\/\/api.w.org\/{rel}","templated":true}]}}