{"id":8431,"date":"2021-08-17T18:29:07","date_gmt":"2021-08-17T18:29:07","guid":{"rendered":"https:\/\/www.unidroit.org\/?page_id=8431"},"modified":"2025-09-02T11:25:31","modified_gmt":"2025-09-02T09:25:31","slug":"depositaire","status":"publish","type":"page","link":"https:\/\/www.unidroit.org\/fr\/instruments\/garanties-internationales\/protocole-spatial\/depositaire\/","title":{"rendered":"D\u00e9positaire"},"content":{"rendered":"<div class=\"wpb-content-wrapper\"><p>[vc_row][vc_column css=&#8221;.vc_custom_1490017614850{margin-bottom: 30px !important;}&#8221;][vc_custom_heading text=&#8221;DEPOSITAIRE&#8221; font_container=&#8221;tag:h1|text_align:left&#8221; use_theme_fonts=&#8221;yes&#8221; css=&#8221;.vc_custom_1629224960238{margin-top: 0px !important;margin-bottom: 20px !important;}&#8221;][vc_custom_heading text=&#8221;FONCTIONS DE DEPOSITAIRE D&#8217;UNIDROIT: PROTOCOLE SPATIAL<br \/>\n&#8221; font_container=&#8221;tag:h4|text_align:left&#8221; use_theme_fonts=&#8221;yes&#8221;][\/vc_column][\/vc_row][vc_row css=&#8221;.vc_custom_1622455036974{background-color: #f2f2f2 !important;}&#8221;][vc_column css=&#8221;.vc_custom_1490017614850{margin-bottom: 30px !important;}&#8221;][vc_column_text]Conform\u00e9ment \u00e0 l\u2019article XLVIII(1) du Protocole\u00a0portant sur les questions sp\u00e9cifiques aux biens spatiaux \u00e0 la Convention relative aux garanties internationales portant sur des mat\u00e9riels d&#8217;\u00e9quipement mobiles, UNIDROIT a \u00e9t\u00e9 d\u00e9sign\u00e9 comme D\u00e9positaire du Protocole. Les fonctions du D\u00e9positaire sont \u00e9tablies dans le Protocole spatial (article XLVIII(2)).<\/p>\n<p>&#8211; D\u00e9clarations faites en vertu du Protocole spatial class\u00e9es par article<\/p>\n<p>Les informations suivantes sont fournies dans le but d&#8217;aider les Etats envisageant de devenir parties \u00e0 la Convention et au Protocole spatial:<\/p>\n<p>&#8211;\u00a0<a href=\"https:\/\/www.unidroit.org\/french\/conventions\/mobile-equipment\/depositaryfunction\/information\/ctc-sp-model-instruments-f.pdf\">Mod\u00e8les d&#8217;instruments de ratification, d&#8217;acceptation, d&#8217;approbation et d&#8217;adh\u00e9sion<\/a><\/p>\n<p>&#8211; Memorandum des d\u00e9clarations en <a href=\"https:\/\/www.unidroit.org\/wp-content\/uploads\/2025\/09\/DC12-DEP-Doc.-1-Memorandum-des-declarations.docx\">word<\/a> en <a href=\"https:\/\/www.unidroit.org\/wp-content\/uploads\/2025\/09\/DC12-DEP-Doc.-1-Memorandum-des-declarations.pdf\">pdf<\/a><\/p>\n<p>&nbsp;<\/p>\n<p style=\"text-align: center;\">*\u00a0\u00a0 *\u00a0\u00a0 *<\/p>\n<p><strong>CONTACT:<\/strong><\/p>\n<p>Mme Marina SCHNEIDER<br \/>\nJuriste principale et D\u00e9positaire des trait\u00e9s<br \/>\n<span id=\"cloak0325f811bb87fb49d20bf1a28c87173b\"><a href=\"mailto:m.schneider@unidroit.org\">m.schneider@unidroit.org<\/a><\/span><\/p>\n<p>&nbsp;<\/p>\n<p><strong>Service de mise \u00e0 jour par message \u00e9lectronique<\/strong><\/p>\n<p>UNIDROIT fournit par message \u00e9lectronique des informations relatives \u00e0 la mise \u00e0 jour de l&#8217;\u00e9tat de mise en oeuvre de la Convention du Cap et de ses Protocoles. D\u2019autres d\u00e9tails, y compris des informations sur la fa\u00e7on de s\u2019inscrire, sont disponibles \u00e0 la page \u201c<a href=\"\/fr\/instruments\/garanties-internationales\/convention-du-cap\/etat\/service-de-mise-a-jour-par-message-electronique\/\">Service de mise \u00e0 jour par message \u00e9lectronique<\/a>\u201d.<\/p>\n<p>&nbsp;<\/p>\n<p><strong>Rapports du D\u00e9positaire<\/strong><\/p>\n<p>En sa qualit\u00e9 de D\u00e9positaire, UNIDROIT\u00a0publiera les rapports du D\u00e9positaire conform\u00e9ment \u00e0 l&#8217;article 61(1) de la Convention et \u00e0 l&#8217;article XLVII(1) du Protocole spatial.[\/vc_column_text][\/vc_column][\/vc_row][vc_row][vc_column][vc_empty_space height=&#8221;10px&#8221;][\/vc_column][\/vc_row]<\/p>\n<\/div>","protected":false},"excerpt":{"rendered":"<p>[vc_row][vc_column css=&#8221;.vc_custom_1490017614850{margin-bottom: 30px !important;}&#8221;][vc_custom_heading text=&#8221;DEPOSITAIRE&#8221; font_container=&#8221;tag:h1|text_align:left&#8221; use_theme_fonts=&#8221;yes&#8221; css=&#8221;.vc_custom_1629224960238{margin-top: 0px !important;margin-bottom: 20px !important;}&#8221;][vc_custom_heading text=&#8221;FONCTIONS DE DEPOSITAIRE D&#8217;UNIDROIT: PROTOCOLE SPATIAL &#8221; font_container=&#8221;tag:h4|text_align:left&#8221; use_theme_fonts=&#8221;yes&#8221;][\/vc_column][\/vc_row][vc_row css=&#8221;.vc_custom_1622455036974{background-color: #f2f2f2 !important;}&#8221;][vc_column css=&#8221;.vc_custom_1490017614850{margin-bottom: 30px !important;}&#8221;][vc_column_text]Conform\u00e9ment \u00e0 l\u2019article XLVIII(1) du Protocole\u00a0portant sur les questions sp\u00e9cifiques aux biens spatiaux \u00e0 la Convention relative aux garanties&nbsp;<a href=\"https:\/\/www.unidroit.org\/fr\/instruments\/garanties-internationales\/protocole-spatial\/depositaire\/\">&hellip;<\/a><\/p>\n","protected":false},"author":20,"featured_media":0,"parent":8415,"menu_order":0,"comment_status":"closed","ping_status":"closed","template":"","meta":{"ep_exclude_from_search":false,"footnotes":""},"class_list":["post-8431","page","type-page","status-publish","format-standard","hentry","odd"],"_links":{"self":[{"href":"https:\/\/www.unidroit.org\/fr\/wp-json\/wp\/v2\/pages\/8431","targetHints":{"allow":["GET"]}}],"collection":[{"href":"https:\/\/www.unidroit.org\/fr\/wp-json\/wp\/v2\/pages"}],"about":[{"href":"https:\/\/www.unidroit.org\/fr\/wp-json\/wp\/v2\/types\/page"}],"author":[{"embeddable":true,"href":"https:\/\/www.unidroit.org\/fr\/wp-json\/wp\/v2\/users\/20"}],"replies":[{"embeddable":true,"href":"https:\/\/www.unidroit.org\/fr\/wp-json\/wp\/v2\/comments?post=8431"}],"version-history":[{"count":3,"href":"https:\/\/www.unidroit.org\/fr\/wp-json\/wp\/v2\/pages\/8431\/revisions"}],"predecessor-version":[{"id":35214,"href":"https:\/\/www.unidroit.org\/fr\/wp-json\/wp\/v2\/pages\/8431\/revisions\/35214"}],"up":[{"embeddable":true,"href":"https:\/\/www.unidroit.org\/fr\/wp-json\/wp\/v2\/pages\/8415"}],"wp:attachment":[{"href":"https:\/\/www.unidroit.org\/fr\/wp-json\/wp\/v2\/media?parent=8431"}],"curies":[{"name":"wp","href":"https:\/\/api.w.org\/{rel}","templated":true}]}}