{"id":8434,"date":"2021-08-17T18:32:32","date_gmt":"2021-08-17T18:32:32","guid":{"rendered":"https:\/\/www.unidroit.org\/?page_id=8434"},"modified":"2021-08-17T18:32:35","modified_gmt":"2021-08-17T18:32:35","slug":"travaux-preparatoires","status":"publish","type":"page","link":"https:\/\/www.unidroit.org\/fr\/instruments\/garanties-internationales\/protocole-spatial\/travaux-preparatoires\/","title":{"rendered":"Travaux pr\u00e9paratoires"},"content":{"rendered":"<div class=\"wpb-content-wrapper\"><p>[vc_row][vc_column css=&#8221;.vc_custom_1490017614850{margin-bottom: 30px !important;}&#8221;][vc_custom_heading text=&#8221;TRAVAUX PREPARATOIRES&#8221; font_container=&#8221;tag:h1|text_align:left&#8221; use_theme_fonts=&#8221;yes&#8221; css=&#8221;.vc_custom_1629225187748{margin-top: 0px !important;margin-bottom: 20px !important;}&#8221;][vc_custom_heading text=&#8221;ETUDE LXXII J &#8211; PROJET DE PROTOCOLE PORTANT SUR LES QUESTIONS SPECIFIQUES AUX BIENS SPATIAUX A LA CONVENTION RELATIVE AUX GARANTIES INTERNATIONALES PORTANT SUR DES MATERIELS D\u2019EQUIPEMENT MOBILES &#8211; TRAVAUX PREPARATOIRES<br \/>\n&#8221; font_container=&#8221;tag:h4|text_align:left&#8221; use_theme_fonts=&#8221;yes&#8221;][\/vc_column][\/vc_row][vc_row css=&#8221;.vc_custom_1622455036974{background-color: #f2f2f2 !important;}&#8221;][vc_column css=&#8221;.vc_custom_1490017614850{margin-bottom: 30px !important;}&#8221;][vc_column_text]<a href=\"https:\/\/www.unidroit.org\/french\/conventions\/mobile-equipment\/conference2012\/conferencedocuments\/dcme-sp-all-docs-linked-f.pdf\">Conf\u00e9rence diplomatique pour l&#8217;adoption d&#8217;un Protocole portant sur les questions sp\u00e9cifiques aux biens spatiaux \u00e0 la Convention relative aux garanties internationales portant sur des mat\u00e9riels d&#8217;\u00e9quipement mobiles (Berlin, 27 f\u00e9vrier &#8211; 9 mars 2012)<\/a><\/p>\n<p>&nbsp;<\/p>\n<p>&nbsp;<\/p>\n<p><a href=\"https:\/\/www.unidroit.org\/french\/conventions\/mobile-equipment\/conference2012\/conferencedocuments\/dcme-sp-43-f.pdf\">ACTE FINAL de la Conf\u00e9rence diplomatique pour l\u2019adoption du projet de Protocole portant sur les questions sp\u00e9cifiques aux biens spatiaux \u00e0 la Convention relative aux garanties internationales portant sur des mat\u00e9riels d\u2019\u00e9quipement mobiles<\/a><\/p>\n<p><strong>\u00a0<\/strong><\/p>\n<p>&nbsp;<\/p>\n<p><strong>*\u00a0\u00a0 *\u00a0\u00a0 *<\/strong><\/p>\n<p>&nbsp;<\/p>\n<p>&nbsp;<\/p>\n<p>&nbsp;<\/p>\n<p><strong>COMITE D\u2019EXPERTS GOUVERNEMENTAUX pour la pr\u00e9paration d\u2019un projet de Protocole portant sur les questions sp\u00e9cifiques aux biens spatiaux \u00e0 la Convention relative aux garanties internationales portant sur des mat\u00e9riels d\u2019\u00e9quipement mobiles<\/strong><\/p>\n<p>&nbsp;<\/p>\n<p>&nbsp;<\/p>\n<p><strong>Cinqui\u00e8me session (Rome, 21 \u2013 25 f\u00e9vrier 2011) \u2013 Rapport<\/strong><\/p>\n<p><a href=\"https:\/\/www.unidroit.org\/french\/conventions\/mobile-equipment\/conference2012\/preparatory-works\/cge\/cge-05-sp-report-f.pdf\">C.E.G.\/Pr. spatial\/5\/Rapport<\/a><\/p>\n<p>&nbsp;<\/p>\n<p>&nbsp;<\/p>\n<p><strong>Quatri\u00e8me session (Rome, 3 \u2013 7 mai 2010) \u2013 Rapport<\/strong><\/p>\n<p><a href=\"https:\/\/www.unidroit.org\/french\/conventions\/mobile-equipment\/conference2012\/preparatory-works\/cge\/cge-04-sp-report-f.pdf\">C.E.G.\/Pr. spatial\/4\/Rapport<\/a><\/p>\n<p>&nbsp;<\/p>\n<p>&nbsp;<\/p>\n<p><strong>Troisi\u00e8me session (Rome, 7 \u2013 11 d\u00e9cembre 2009) \u2013 Rapport<\/strong><\/p>\n<p><a href=\"https:\/\/www.unidroit.org\/french\/conventions\/mobile-equipment\/conference2012\/preparatory-works\/cge\/cge-03-sp-report-f.pdf\">C.E.G.\/Pr. spatial\/3\/Rapport<\/a><\/p>\n<p>&nbsp;<\/p>\n<p>&nbsp;<\/p>\n<p><strong>Deuxi\u00e8me session (Rome, 26 \u2013 28 octobre 2004) \u2013 Rapport<\/strong><\/p>\n<p><a href=\"https:\/\/www.unidroit.org\/french\/conventions\/mobile-equipment\/conference2012\/preparatory-works\/cge\/cge-02-sp-report-f.pdf\">C.E.G.\/Pr. spatial\/2\/Rapport<\/a><\/p>\n<p>&nbsp;<\/p>\n<p>&nbsp;<\/p>\n<p><strong>Premi\u00e8re session (Rome, 15 \u2013 19 d\u00e9cembre 2003)<\/strong><\/p>\n<p><a href=\"https:\/\/www.unidroit.org\/french\/conventions\/mobile-equipment\/conference2012\/preparatory-works\/cge\/cge-01-sp-report-f.pdf\">C.E.G.\/Pr. spatial\/1\/Rapport<\/a><\/p>\n<p>&nbsp;<\/p>\n<p>&nbsp;<\/p>\n<p>&nbsp;<\/p>\n<p>&nbsp;<\/p>\n<p><a href=\"https:\/\/www.unidroit.org\/english\/documents\/2009\/study72j\/s-72j-17-e.pdf\">UNIDROIT 2009 &#8211; Study LXXII J &#8211; Doc. 17<\/a>\u00a0\u00a0 [en anglais seulement]<\/p>\n<p>Steering Committee to build consensus around the provisional conclusions reached by the Government\/industry meeting regarding the preliminary draft Space Assets Protocol held in New York on 19 and 20 June 2007. Second meeting, Paris, 14\/15 May 2009. Summary Report (prepared by the UNIDROIT Secretariat)<\/p>\n<p>&nbsp;<\/p>\n<p><a href=\"https:\/\/www.unidroit.org\/english\/documents\/2009\/study72j\/s-72j-16-e.pdf\">UNIDROIT 2009 &#8211; Study LXXII J &#8211; Doc. 16<\/a>\u00a0\u00a0 [en anglais seulement]<\/p>\n<p>Steering Committee to build consensus around the provisional conclusions reached by the Government\/industry meeting held in New York on 19 and 20 June 2007. Sub-committee on public service, Paris, 13 May 2009. Summary Report (prepared by the UNIDROIT Secretariat)<\/p>\n<p>&nbsp;<\/p>\n<p><a href=\"https:\/\/www.unidroit.org\/french\/documents\/2008\/etude72j\/s-72j-15-f.pdf\">UNIDROIT 2008 &#8211; Etude LXXII J \u2013 Doc. 15<\/a><\/p>\n<p>Sous-comit\u00e9 du Comit\u00e9 pilote charg\u00e9 d\u2019\u00e9laborer un consensus autour des conclusions provisoires auxquelles \u00e9tait parvenue la r\u00e9union des Gouvernements et du secteur commercial tenue \u00e0 New York les 19 et 20 juin 2007 sur les mesures en cas d\u2019inex\u00e9cution concernant les composants, Berlin, 31 octobre &#8211; 1<sup>er<\/sup>\u00a0novembre 2008. Rapport de synth\u00e8se (pr\u00e9par\u00e9 par le Secr\u00e9tariat d\u2019UNIDROIT)<\/p>\n<p>&nbsp;<\/p>\n<p><a href=\"https:\/\/www.unidroit.org\/french\/documents\/2008\/etude72j\/s-72j-14-f.pdf\">UNIDROIT 2008 &#8211; Etude LXXII J \u2013 Doc. 14<\/a><\/p>\n<p>Comit\u00e9 pilote charg\u00e9 d\u2019\u00e9laborer un consensus autour des conclusions provisoires relatives \u00e0 l\u2019avant-projet de Protocole sur les biens spatiaux auxquelles \u00e9tait parvenue la r\u00e9union des Gouvernements et du secteur commercial tenue \u00e0 New York les 19 et 20 juin 2007. R\u00e9union de lancement du processus, Berlin, 7 &#8211; 9 mai 2008. Rapport de synth\u00e8se (pr\u00e9par\u00e9 par le Secr\u00e9tariat d\u2019UNIDROIT)<\/p>\n<p>&nbsp;<\/p>\n<p><a href=\"https:\/\/www.unidroit.org\/french\/documents\/2004\/etude72j\/s-72j-13rev-f.pdf\">UNIDROIT 2004 &#8211; Etude LXXII J &#8211; Doc. 13 r\u00e9v.<\/a><\/p>\n<p>Convention relative aux garanties internationales portant sur des mat\u00e9riels d\u2019\u00e9quipement mobiles (ouverte \u00e0 la signature au Cap le 16 novembre 2001): Avant-projet\u00a0de Protocole portant sur les questions sp\u00e9cifiques aux mat\u00e9riels d&#8217;\u00e9quipement spatial\u00a0(tel que r\u00e9vis\u00e9 par le Comit\u00e9 d\u2019experts gouvernementaux d\u2019UNIDROIT charg\u00e9 de la pr\u00e9paration d\u2019un projet de Protocole portant sur les questions sp\u00e9cifiques aux biens spatiaux \u00e0 la Convention relative aux garanties internationales portant sur des mat\u00e9riels d\u2019\u00e9quipement mobiles lors de sa premi\u00e8re session tenue \u00e0 Rome du 15 au 19 d\u00e9cembre 2003 (Rome, f\u00e9vrier 2004)<\/p>\n<p>&nbsp;<\/p>\n<p><a href=\"https:\/\/www.unidroit.org\/french\/documents\/2002\/etude72j\/s-72j-12-f.pdf\">UNIDROIT 2002 &#8211; Etude LXXII J &#8211; Doc. 12<\/a><\/p>\n<p>Comit\u00e9 pilote et de r\u00e9vision pour l\u2019examen de l\u2019avant-projet de Protocole portant sur les questions sp\u00e9cifiques aux biens spatiaux \u00e0 la Convention relative aux garanties internationales portant sur des mat\u00e9riels d\u2019\u00e9quipement mobiles (Rome, 1<sup>er<\/sup>\u00a0f\u00e9vrier 2002): Rapport (pr\u00e9par\u00e9 par le Secr\u00e9tariat d\u2019UNIDROIT)<\/p>\n<p>&nbsp;<\/p>\n<p><a href=\"https:\/\/www.unidroit.org\/french\/documents\/2002\/etude72j\/s-72j-11-f.pdf\">UNIDROIT 2002 &#8211; Etude LXXII J &#8211; Doc. 11<\/a><\/p>\n<p>Groupe de travail spatial (Rome, 30 et 31 janvier 2002): Rapport (pr\u00e9par\u00e9 par le Secr\u00e9tariat d\u2019UNIDROIT)<\/p>\n<p>&nbsp;<\/p>\n<p><a href=\"https:\/\/www.unidroit.org\/french\/documents\/2002\/etude72j\/s-72j-10-f.pdf\">UNIDROIT 2002 &#8211; Etude LXXII J &#8211; Doc. 10<\/a><\/p>\n<p>Convention relative aux garanties internationales portant sur des mat\u00e9riels d\u2019\u00e9quipement mobiles (ouverte \u00e0 la signature au Cap, Afrique du Sud, le 16 novembre 2001) Avant-projet\u00a0de Protocole portant sur les questions sp\u00e9cifiques aux mat\u00e9riels d&#8217;\u00e9quipement spatial\u00a0(\u00e9tabli par un groupe de travail organis\u00e9, \u00e0 l\u2019invitation du Pr\u00e9sident d\u2019UNIDROIT, par M. Peter D. Nesgos, Esq., avec l\u2019assistance de M. Dara A. Panahy, Esq., et r\u00e9vis\u00e9, conform\u00e9ment \u00e0 une d\u00e9cision prise par le Conseil de Direction d\u2019UNIDROIT lors de sa 80\u00e8me session tenue \u00e0 Rome du 17 au 19 septembre 2001, par un Comit\u00e9 pilote et de r\u00e9vision r\u00e9uni \u00e0 Rome le 1<sup>er<\/sup>\u00a0f\u00e9vrier 2002) \u2013 Rome, f\u00e9vrier 2002<\/p>\n<p>&nbsp;<\/p>\n<p><a href=\"https:\/\/www.unidroit.org\/french\/documents\/2002\/etude72j\/s-72j-09-f.pdf\">UNIDROIT 2002 &#8211; Etude LXXII J &#8211; Doc. 9<\/a><\/p>\n<p>Convention relative aux garanties internationales portant sur des mat\u00e9riels d\u2019\u00e9quipement mobiles (ouverte \u00e0 la signature au Cap, Afrique du Sud, le 16 novembre 2001): Avant-projet\u00a0de Protocole portant sur les questions sp\u00e9cifiques aux mat\u00e9riels d&#8217;\u00e9quipement spatial\u00a0(\u00e9tabli par un groupe de travail organis\u00e9, \u00e0 l\u2019invitation du Pr\u00e9sident d\u2019UNIDROIT, par M. Peter D. Nesgos, Esq., avec l\u2019assistance de M. Dara A. Panahy, Esq., \u00e0 l\u2019issue de sa troisi\u00e8me session, tenue \u00e0 Seal Beach, Californie, les 23 et 24 avril 2001, amend\u00e9 conform\u00e9ment aux discussions de sa quatri\u00e8me session, tenue \u00e0 Evry Courcouronnes les 3 et 4 septembre 2001, aux d\u00e9lib\u00e9rations de la Conf\u00e9rence diplomatique pour l\u2019adoption d\u2019une Convention relative aux mat\u00e9riels d\u2019\u00e9quipement mobiles et d\u2019un Protocole a\u00e9ronautique, tenue au Cap, Afrique du Sud, du 29 octobre au 16 novembre 2001, et aux discussions du Groupe de travail spatial lors de sa cinqui\u00e8me session, tenue \u00e0 Rome les 30 et 31 janvier 2002)<\/p>\n<p>&nbsp;<\/p>\n<p><a href=\"https:\/\/www.unidroit.org\/french\/documents\/2001\/etude72j\/s-72j-08-f.pdf\">UNIDROIT 2001 &#8211; Etude LXXII J &#8211; Doc. 8<\/a><\/p>\n<p>Groupe de travail spatial (Evry Courcouronnes, 3 et 4 septembre 2001): Rapport (pr\u00e9par\u00e9 par le Secr\u00e9tariat d\u2019UNIDROIT) \u2013 Rome, d\u00e9cembre 2001<\/p>\n<p>&nbsp;<\/p>\n<p><a href=\"https:\/\/www.unidroit.org\/french\/documents\/2002\/etude72j\/s-72j-07-f.pdf\">UNIDROIT 2002 &#8211; Etude LXXII J &#8211; Doc. 7\u00a0<\/a><\/p>\n<p>Convention relative aux garanties internationales portant sur des mat\u00e9riels d\u2019\u00e9quipement mobiles (ouverte \u00e0 la signature au Cap, Afrique du Sud, le 16 novembre 2001): Avant-projet\u00a0de Protocole portant sur les questions sp\u00e9cifiques aux mat\u00e9riels d&#8217;\u00e9quipement spatial\u00a0(\u00e9tabli par un Groupe de travail organis\u00e9, \u00e0 l\u2019invitation du Pr\u00e9sident d\u2019UNIDROIT, par M. Peter D. Nesgos, Esq., avec l\u2019assistance de M. Dara A. Panahy, Esq., \u00e0 l\u2019issue de sa troisi\u00e8me session, tenue \u00e0 Seal Beach, Californie, les 23 et 24 avril 2001, et amend\u00e9 conform\u00e9ment aux discussions de sa quatri\u00e8me session, tenue \u00e0 Evry Courcouronnes les 3 et 4 septembre 2001, et aux d\u00e9lib\u00e9rations de la Conf\u00e9rence diplomatique pour l\u2019adoption d\u2019une Convention relative aux mat\u00e9riels d\u2019\u00e9quipement mobiles et d\u2019un Protocole a\u00e9ronautique, tenue au Cap, Afrique du Sud, du 29 octobre au 16 novembre 2001)<\/p>\n<p>&nbsp;<\/p>\n<p><a href=\"https:\/\/www.unidroit.org\/french\/documents\/2001\/etude72j\/s-72j-06-f.pdf\">UNIDROIT 2001 &#8211; Etude LXXII J &#8211; Doc. 6<\/a><\/p>\n<p>Projet de Convention d\u2019UNIDROIT relative aux garanties internationales portant sur des mat\u00e9riels d&#8217;\u00e9quipement mobiles (tel que soumis par le Conseil de direction d\u2019UNIDROIT pour adoption par une Conf\u00e9rence diplomatique qui se tiendra au Cap, Afrique du Sud, du 29 octobre au 16 novembre 2001): Avant-projet de Protocole portant sur les questions sp\u00e9cifiques aux mat\u00e9riels d&#8217;\u00e9quipement spatial\u00a0(\u00e9tabli par un Groupe de travail organis\u00e9, \u00e0 l\u2019invitation du pr\u00e9sident d\u2019UNIDROIT, par M. Peter D. Nesgos, Esq., avec l\u2019assistance de M. Dara A. Panahy, Esq., \u00e0 l\u2019issue de sa troisi\u00e8me session tenue \u00e0 Seal Beach, Californie, les 23 et 24 avril 2001)<\/p>\n<p>&nbsp;<\/p>\n<p><a href=\"https:\/\/www.unidroit.org\/french\/documents\/2001\/etude72j\/s-72j-05-f.pdf\">UNIDROIT 2001 &#8211; Etude LXXII J &#8211; Doc. 5<\/a><\/p>\n<p>Groupe de travail spatial (Seal Beach, Californie, 23\/24 avril 2001): Rapport (pr\u00e9par\u00e9 par le Secr\u00e9tariat d\u2019UNIDROIT)<\/p>\n<p>&nbsp;<\/p>\n<p><a href=\"https:\/\/www.unidroit.org\/french\/documents\/2001\/etude72j\/s-72j-04-f.pdf\">UNIDROIT 2001 &#8211; Etude LXXII J &#8211; Doc. 4<\/a><\/p>\n<p>Version de travail actuelle d&#8217;un avant-projet de Protocole portant sur les questions sp\u00e9cifiques aux mat\u00e9riels d&#8217;\u00e9quipement spatial au projet de Convention relative aux garanties internationales portant sur des mat\u00e9riels d&#8217;\u00e9quipement mobiles\u00a0(\u00e9tabli en mars 2001, en tant que base de discussion au sein du Groupe de travail spatial, par M. Peter D. Nesgos, coordinateur du Groupe de travail, avec l\u2019assistance de M. Dara A. Panahy)<\/p>\n<p>&nbsp;<\/p>\n<p><a href=\"https:\/\/www.unidroit.org\/french\/documents\/2001\/etude72j\/s-72j-03-f.pdf\">UNIDROIT 2001 &#8211; Etude LXXII J &#8211; Doc. 3<\/a><\/p>\n<p>Version de travail actuelle d&#8217;un avant-projet de Protocole portant sur les questions sp\u00e9cifiques aux mat\u00e9riels d&#8217;\u00e9quipement spatial au projet de Convention relative aux garanties internationales portant sur des mat\u00e9riels d&#8217;\u00e9quipement mobiles (\u00e9tabli en janvier 2001, en tant que base de discussion au sein du Groupe de travail spatial, par M. Peter D. Nesgos, coordinateur du Groupe de travail)<\/p>\n<p>&nbsp;<\/p>\n<p><a href=\"https:\/\/www.unidroit.org\/french\/documents\/2000\/etude72j\/s-72j-02-f.pdf\">UNIDROIT 2000 &#8211; Etude LXXII J &#8211; Doc. 2<\/a><\/p>\n<p>Groupe de travail spatial (Rome, 19\/20 octobre 2000): Rapport (pr\u00e9par\u00e9 par le Secr\u00e9tariat d\u2019UNIDROIT)<\/p>\n<p>&nbsp;<\/p>\n<p><a href=\"https:\/\/www.unidroit.org\/french\/documents\/2000\/etude72j\/s-72j-01-f.pdf\">UNIDROIT 2000 &#8211; Etude LXXII J &#8211; Doc. 1<\/a><\/p>\n<p>Groupe restreint informel d\u2019experts charg\u00e9 d\u2019identifier et d\u2019amorcer des discussions pr\u00e9liminaires sur les questions qui m\u00e9ritent d\u2019\u00eatre examin\u00e9es concernant la relation entre le projet de Convention d\u2019UNIDROIT relative aux garanties internationales portant sur des mat\u00e9riels d\u2019\u00e9quipement mobiles ainsi que l\u2019avant-projet de Protocole portant sur les questions sp\u00e9cifiques au mat\u00e9riel d\u2019\u00e9quipement spatial et le droit spatial international existant (Rome, 18\/19 octobre 2000). RAPPORT (pr\u00e9par\u00e9 par le Secr\u00e9tariat d\u2019UNIDROIT)[\/vc_column_text][\/vc_column][\/vc_row][vc_row][vc_column][vc_empty_space height=&#8221;10px&#8221;][\/vc_column][\/vc_row]<\/p>\n<\/div>","protected":false},"excerpt":{"rendered":"<p>[vc_row][vc_column css=&#8221;.vc_custom_1490017614850{margin-bottom: 30px !important;}&#8221;][vc_custom_heading text=&#8221;TRAVAUX PREPARATOIRES&#8221; font_container=&#8221;tag:h1|text_align:left&#8221; use_theme_fonts=&#8221;yes&#8221; css=&#8221;.vc_custom_1629225187748{margin-top: 0px !important;margin-bottom: 20px !important;}&#8221;][vc_custom_heading text=&#8221;ETUDE LXXII J &#8211; PROJET DE PROTOCOLE PORTANT SUR LES QUESTIONS SPECIFIQUES AUX BIENS SPATIAUX A LA CONVENTION RELATIVE AUX GARANTIES INTERNATIONALES PORTANT SUR DES MATERIELS D\u2019EQUIPEMENT MOBILES &#8211; TRAVAUX PREPARATOIRES &#8221;&nbsp;<a href=\"https:\/\/www.unidroit.org\/fr\/instruments\/garanties-internationales\/protocole-spatial\/travaux-preparatoires\/\">&hellip;<\/a><\/p>\n","protected":false},"author":20,"featured_media":0,"parent":8415,"menu_order":0,"comment_status":"closed","ping_status":"closed","template":"","meta":{"ep_exclude_from_search":false,"footnotes":""},"class_list":["post-8434","page","type-page","status-publish","format-standard","hentry","odd"],"_links":{"self":[{"href":"https:\/\/www.unidroit.org\/fr\/wp-json\/wp\/v2\/pages\/8434","targetHints":{"allow":["GET"]}}],"collection":[{"href":"https:\/\/www.unidroit.org\/fr\/wp-json\/wp\/v2\/pages"}],"about":[{"href":"https:\/\/www.unidroit.org\/fr\/wp-json\/wp\/v2\/types\/page"}],"author":[{"embeddable":true,"href":"https:\/\/www.unidroit.org\/fr\/wp-json\/wp\/v2\/users\/20"}],"replies":[{"embeddable":true,"href":"https:\/\/www.unidroit.org\/fr\/wp-json\/wp\/v2\/comments?post=8434"}],"version-history":[{"count":0,"href":"https:\/\/www.unidroit.org\/fr\/wp-json\/wp\/v2\/pages\/8434\/revisions"}],"up":[{"embeddable":true,"href":"https:\/\/www.unidroit.org\/fr\/wp-json\/wp\/v2\/pages\/8415"}],"wp:attachment":[{"href":"https:\/\/www.unidroit.org\/fr\/wp-json\/wp\/v2\/media?parent=8434"}],"curies":[{"name":"wp","href":"https:\/\/api.w.org\/{rel}","templated":true}]}}