{"id":8437,"date":"2021-08-17T18:33:57","date_gmt":"2021-08-17T18:33:57","guid":{"rendered":"https:\/\/www.unidroit.org\/?page_id=8437"},"modified":"2021-08-17T18:34:01","modified_gmt":"2021-08-17T18:34:01","slug":"bibliographie","status":"publish","type":"page","link":"https:\/\/www.unidroit.org\/fr\/instruments\/garanties-internationales\/protocole-spatial\/bibliographie\/","title":{"rendered":"Bibliographie"},"content":{"rendered":"<div class=\"wpb-content-wrapper\"><p>[vc_row][vc_column css=&#8221;.vc_custom_1490017614850{margin-bottom: 30px !important;}&#8221;][vc_custom_heading text=&#8221;BIBLIOGRAPHIE&#8221; font_container=&#8221;tag:h1|text_align:left&#8221; use_theme_fonts=&#8221;yes&#8221; css=&#8221;.vc_custom_1629225290401{margin-top: 0px !important;margin-bottom: 20px !important;}&#8221;][vc_custom_heading text=&#8221;SELECT BIBLIOGRAPHY &#8211; SPACE PROTOCOL \/ BIBLIOGRAPHIE &#8211; PROTOCOLE SPATIAL&#8221; font_container=&#8221;tag:h4|text_align:left&#8221; use_theme_fonts=&#8221;yes&#8221;][\/vc_column][\/vc_row][vc_row css=&#8221;.vc_custom_1622455036974{background-color: #f2f2f2 !important;}&#8221;][vc_column css=&#8221;.vc_custom_1490017614850{margin-bottom: 30px !important;}&#8221;][vc_column_text]<\/p>\n<p style=\"text-align: left;\" align=\"center\"><strong>Select bibliography on the Protocol to the Convention on International Interests in Mobile Equipment on Matters specific to Space Assets (Berlin, 9 March 2012)<\/strong><strong>\u00a0<\/strong><\/p>\n<p style=\"text-align: left;\" align=\"center\"><strong>Informations bibliographiques sur le Protocole portant sur les questions sp\u00e9cifiques aux biens spatiaux \u00e0 la Convention relative aux garanties internationales portant sur des mat\u00e9riels d\u2019\u00e9quipement mobiles (Berlin, 9 mars 2012)<\/strong><\/p>\n<p style=\"text-align: left;\" align=\"center\">ANDEN\u00c6S, Mads T. \u2013 FAIRGRIEVE, Duncan \u2013 There is a world elsewhere &#8211; Lord Bingham and comparative law: the Cape Town Convention and Protocols and their contribution to international commercial law, in: Tom Bingham and the transformation of the law, 2009, pp. 867-866.<\/p>\n<p style=\"text-align: left;\" align=\"center\">GOODE, Royston M. \u2013 The treatment of intangible assets under the Cape Town Convention and Protocols, in: Cape Town Convention Journal, 2013, pp. 41-49.<\/p>\n<p style=\"text-align: left;\">GOODE, R.M. &#8211; Convention on International Interests in Mobile Equipment and Protocol thereto on Matters Specific to Space Assets : Official Commentary \/ Roy Goode. &#8211; Rome, UNIDROIT, 2013, pp. xvi-653.<\/p>\n<p style=\"text-align: left;\">GOODE, R. &#8211;\u00a0Official Commentary on the Convention on International Interests in Mobile Equipment and the Protocol thereto on Matters specific to Space Assets. UNIDROIT, 2013, pp. xvi + 653.<\/p>\n<p>STANFORD, Martin J. \u2013 The availability of a new form of financing for commercial space activities: the extension of the Cape Town Convention to space assets, in: Cape Town Convention Journal, 1 (2012), pp. 109-123.<\/p>\n<p>SUNDAHL, Mark J. \u2013 The Cape Town Convention: its application to space assets and relation to the law of outer space \/ by Mark J. Sundahl. \u2013 Leiden : Martinus Nijhoff Publishers, 2013, pp. xiii-266. \u2013 (Studies in space law ; 8). \u2013 ISBN 978-90-04-20891.<\/p>\n<p>SUNDAHL, Mark J. &#8211;\u00a0 The Cape Town Convention Its Application to Space Assets and Relation to the Law of Outer Space, Martinus Nijhoff Publishers, Leiden, 2013, pp. xiii-266.<\/p>\n<p>VAN ZWIETEN, Kristin \u2013 The insolvency provisions of the Cape Town Convention and Protocols : historical and economic perspectives, in: Cape Town Convention Journal, 1 (2012) pp. 53-77.<\/p>\n<p>&nbsp;<\/p>\n<p><strong>Select bibliography on the Draft Protocol to the Convention on International Interests in Mobile Equipment on Matters specific to Space Assets<\/strong><\/p>\n<p><strong>Informations bibliographiques sur projet de Protocole portant sur les questions sp\u00e9cifiques aux biens spatiaux \u00e0 la Convention relative aux garanties internationales portant sur des mat\u00e9riels d\u2019\u00e9quipement mobiles<\/strong><\/p>\n<p>&#8212;<\/p>\n<p>BALSANO, A.M. \u2013 Modernising secured transactions law: a viewpoint from the European Space Agency, in: Uniform Law Review \/ Revue de droit uniforme, 8 (2003), 375-376.<\/p>\n<p>BERTRAND, T. &#8211; Le financement des satellites et les s\u00fbret\u00e9s r\u00e9elles mobili\u00e8res conventionnelles. M\u00e9moire pour l&#8217;obtention du Dipl\u00f4me d&#8217;Etude Approfondie (DEA) de Droit International Public et Priv\u00e9, sous la direction de M. le Professeur Louis Balmond. Nice, Universit\u00e9 de Nice Sophia-Antipolis, Institut du droit de la paix et du d\u00e9veloppement (IDPD), 2000, 176 pages.<\/p>\n<p>DIVIS, D.A. \u2013 Pact to make aerospace loans obtainable, on: Space.com at\u00a0<a href=\"http:\/\/www.space.com\/businesstechnology\/business\/space_treaty_000707.html\" target=\"_blank\" rel=\"noopener\">http:\/\/www.space.com\/businesstechnology\/business\/space_treaty_000707.html<\/a><\/p>\n<p>FARAMI\u00d1\u00c1N GILBERT, J.M. de \u2013 RODRIGUEZ SERRANO, V. \u2013 Derecho Internacional Privado y Actividades Espaciales, in: Bolet\u00edn n\u00ba 11 del Centro Espa\u00f1ola de derecho espacial (2001).<\/p>\n<p>FENEMA, P. van \u2013 The UNIDROIT\u00a0Space Protocol, the concept of \u201cLaunchingState\u201d, space traffic management and the delimination of outer space. The 41<sup>st<\/sup>\u00a0session of the\u00a0UNCOPUOS Legal Subcommittee, Vienna, 2-12 April 2002, in: Air &amp; Space Law, 27 (2002), 266-279.<\/p>\n<p>H\u00d6PFLI, M. \u2013 Rechtsrahmen f\u00fcr die wirtschaftliche Nutzung des Weltraumes durch Privatunternehmen: eine Analyse zentraler Rechtsfragen der wirtschaftlichen Nutzung des Weltraumes durch Privatunternehmen unter besonderer Ber\u00fccksichtigung der\u00a0Convention on International Interests in Mobile Equipment\u00a0vom November 2001 in Verbindung mit dem UNIDROIT\u00a0Preliminary Draft Protocol on Matters Specific to Space Assets\u00a0vom Januar 2002, W\u00fcrzburg, 2003, pp. 371. Universit\u00e4t W\u00fcrzburg, Diss. 2002. (W\u00fcrzburger rechtswissenschaftliche Schriften, 42).<\/p>\n<p>KOZUKA, S. \u2013 The commercialisation of the space and the legal infrastructure for asset based financing: commentary on the Draft Protocol on Space Assets to the Cape Town Convention (parts 1 &amp; 2) [in Japanese], in: Sophia Law Review, Vol. 46 No.4 (2003), 1-20; Vol. 47, No. 1 (2003), 1-43.<\/p>\n<p>KOZUKA, S\u00f4ichir\u00f4 \u2013 TANIGUCHI, Fuki \u2013 An economic assessment of the space assets protocol to the Cape Town convention, in: Uniform Law Review \/ Revue de droit uniforme, 2011, 16 (2010) 4, pp. 927 941.<\/p>\n<p>KRONKE, H. \u2013 The Draft UNIDROIT\u00a0Convention on International Interests in Mobile Equipment and the Draft Protocol on Matters Specific to Space Assets, in: B\u00d6CKSTIEGEL, K.-H. \u2013 \u201cProject 2001\u201d \u2013 Legal Framework for the Commercial Use of Outer Space. Recommendations and Conclusions to Develop the PresentState of the Law. Proceedings of an International Colloquium, Cologne, May 29-31, 2001 to present Conclusions of \u201cProject 2001\u201d \u2013 a joint International Research Project, K\u00f6ln [<em>et al.<\/em>], Carl Heymanns Verlag, 2002, 643-656.<\/p>\n<p>LARSEN, P.B. \u2013 HEILBOCK, J.A. \u2013 UNIDROIT\u00a0project on security interests: how the project affects space objects, in: Journal of Air Law and Commerce, 64 (1999), 703-770.<\/p>\n<p>MAGNUSSEN, A. &#8211; The communications satellite as collateral &#8211; Swedish property law in outer space. Stockholm, Stockholms Universitet, 1999, 92 pages. (Juridiska Fakulteten Skriftserien Nr 58)<\/p>\n<p><a href=\"https:\/\/www.unidroit.org\/english\/conventions\/mobile-equipment\/bibliography\/articles\/space\/panahy.pdf\">PANAHY, D.A. \u2013 MITTAL, R. \u2013 The prospective UNIDROIT\u00a0Convention on international interests in mobile equipment as applied to space property<\/a>, in: Uniform Law Review \/ Revue de droit uniforme, NS 4 (1999), 303-312.<\/p>\n<p><a href=\"https:\/\/www.unidroit.org\/english\/conventions\/mobile-equipment\/bibliography\/articles\/space\/poulain.pdf\">POULAIN, B. &#8211; Avant-projet de Protocole portant sur les questions sp\u00e9cifiques au biens spatial \u00e0 la Convention relative aux garanties internationales portant sur des mat\u00e9riels d\u2019\u00e9quipement mobiles\u00a0<\/a><\/p>\n<p>RIBBELINK, O.M. \u2013 The Protocol on Matters specific to Space Assets, in: European Review of Private Law, 12 (2004), 37-45.<\/p>\n<p>STANFORD, M.J. &#8211; The UNIDROIT\u00a0Project for the creation of a new legal regimen governing the taking of security in high-value mobile assets: a window of opportunity for the commercialisation of space, in: Proceedings of the Third ECSL Colloquium &#8220;International Organisations and Space Law&#8221;, Perugia, Italy, 6-7 May, 1999, 375-380.<\/p>\n<p>STANFORD, M.J. \u2013 Commentary paper. UNIDROIT\u2019s project for the creation of a new regimen governing the taking of security in high-value mobile assets: a window of opportunity in the context of the privatisation and commercialisation of space, in: Proceedings of the Workshop on Space Law in the Twenty-first Century.[\/vc_column_text][\/vc_column][\/vc_row][vc_row][vc_column][vc_empty_space height=&#8221;10px&#8221;][\/vc_column][\/vc_row]<\/p>\n<\/div>","protected":false},"excerpt":{"rendered":"<p>[vc_row][vc_column css=&#8221;.vc_custom_1490017614850{margin-bottom: 30px !important;}&#8221;][vc_custom_heading text=&#8221;BIBLIOGRAPHIE&#8221; font_container=&#8221;tag:h1|text_align:left&#8221; use_theme_fonts=&#8221;yes&#8221; css=&#8221;.vc_custom_1629225290401{margin-top: 0px !important;margin-bottom: 20px !important;}&#8221;][vc_custom_heading text=&#8221;SELECT BIBLIOGRAPHY &#8211; SPACE PROTOCOL \/ BIBLIOGRAPHIE &#8211; PROTOCOLE SPATIAL&#8221; font_container=&#8221;tag:h4|text_align:left&#8221; use_theme_fonts=&#8221;yes&#8221;][\/vc_column][\/vc_row][vc_row css=&#8221;.vc_custom_1622455036974{background-color: #f2f2f2 !important;}&#8221;][vc_column css=&#8221;.vc_custom_1490017614850{margin-bottom: 30px !important;}&#8221;][vc_column_text] Select bibliography on the Protocol to the Convention on International Interests in Mobile Equipment on&nbsp;<a href=\"https:\/\/www.unidroit.org\/fr\/instruments\/garanties-internationales\/protocole-spatial\/bibliographie\/\">&hellip;<\/a><\/p>\n","protected":false},"author":20,"featured_media":0,"parent":8415,"menu_order":0,"comment_status":"closed","ping_status":"closed","template":"","meta":{"ep_exclude_from_search":false,"footnotes":""},"class_list":["post-8437","page","type-page","status-publish","format-standard","hentry","odd"],"_links":{"self":[{"href":"https:\/\/www.unidroit.org\/fr\/wp-json\/wp\/v2\/pages\/8437","targetHints":{"allow":["GET"]}}],"collection":[{"href":"https:\/\/www.unidroit.org\/fr\/wp-json\/wp\/v2\/pages"}],"about":[{"href":"https:\/\/www.unidroit.org\/fr\/wp-json\/wp\/v2\/types\/page"}],"author":[{"embeddable":true,"href":"https:\/\/www.unidroit.org\/fr\/wp-json\/wp\/v2\/users\/20"}],"replies":[{"embeddable":true,"href":"https:\/\/www.unidroit.org\/fr\/wp-json\/wp\/v2\/comments?post=8437"}],"version-history":[{"count":0,"href":"https:\/\/www.unidroit.org\/fr\/wp-json\/wp\/v2\/pages\/8437\/revisions"}],"up":[{"embeddable":true,"href":"https:\/\/www.unidroit.org\/fr\/wp-json\/wp\/v2\/pages\/8415"}],"wp:attachment":[{"href":"https:\/\/www.unidroit.org\/fr\/wp-json\/wp\/v2\/media?parent=8437"}],"curies":[{"name":"wp","href":"https:\/\/api.w.org\/{rel}","templated":true}]}}