{"id":8480,"date":"2021-08-18T09:10:46","date_gmt":"2021-08-18T09:10:46","guid":{"rendered":"https:\/\/www.unidroit.org\/?page_id=8480"},"modified":"2024-11-28T10:23:48","modified_gmt":"2024-11-28T09:23:48","slug":"etat","status":"publish","type":"page","link":"https:\/\/www.unidroit.org\/fr\/instruments\/garanties-internationales\/protocole-mac\/etat\/","title":{"rendered":"Etat"},"content":{"rendered":"<div class=\"wpb-content-wrapper\"><p>[vc_row][vc_column css=&#8221;.vc_custom_1490017614850{margin-bottom: 30px !important;}&#8221;][vc_custom_heading text=&#8221;\u00c9TAT&#8221; font_container=&#8221;tag:h1|text_align:left&#8221; use_theme_fonts=&#8221;yes&#8221; css=&#8221;.vc_custom_1638793029292{margin-top: 0px !important;margin-bottom: 20px !important;}&#8221;][vc_custom_heading text=&#8221;PROTOCOL MAC &#8211; \u00c9TAT&#8221; font_container=&#8221;tag:h4|text_align:left&#8221; use_theme_fonts=&#8221;yes&#8221;][\/vc_column][\/vc_row][vc_row css=&#8221;.vc_custom_1622455036974{background-color: #f2f2f2 !important;}&#8221;][vc_column css=&#8221;.vc_custom_1490017614850{margin-bottom: 30px !important;}&#8221;][vc_column_text css=&#8221;&#8221;]<\/p>\n<p style=\"text-align: center;\"><strong>PROTOCOLE PORTANT<br \/>\nSUR LES QUESTIONS SP\u00c9CIFIQUES AUX MATERIELS <\/strong><strong>D&#8217;EQUIPEMENT MINIERS, AGRICOLES ET DE CONSTRUCTION \u00c0 LA CONVENTION RELATIVE AUX GARANTIES INTERNATIONALES PORTANT SUR DES MATERIELS D&#8217;EQUIPEMENT MOBILES<\/strong><\/p>\n<p><strong>\u00a0<\/strong><strong>\u00a0<\/strong><\/p>\n<p>Adoption: Lieu:\u00a0<strong>Pretoria<\/strong><\/p>\n<p>&nbsp;<\/p>\n<p>Date:\u00a0<strong>22.11.2019<\/strong><\/p>\n<p>&nbsp;<\/p>\n<p>Entr\u00e9e en vigueur:\u00a0<strong>Pas en vigueur (<a href=\"https:\/\/www.unidroit.org\/english\/conventions\/mobile-equipment\/depositaryfunction\/declarations\/macprotocolart25.pdf\">ex Art. XXV<\/a>)<\/strong><\/p>\n<p>&nbsp;<\/p>\n<p>D\u00e9positaire:\u00a0<strong>UNIDROIT<\/strong><\/p>\n<p><a href=\"https:\/\/www.unidroit.org\/fr\/instruments\/garanties-internationales\/protocole-mac\/status-map-cape-town-convention-mac-protocol-2019\/\">STATUS MAP<\/a><\/p>\n<p>-&gt; <a href=\"https:\/\/www.unidroit.org\/wp-content\/uploads\/2024\/11\/05-Status-list-MAC-Protocol-Paraguay-ratification-27-Nov-2024-FR.pdf\" target=\"_blank\" rel=\"noopener\">Version imprimable du tableau des signatures, adh\u00e9sions et ratifications<\/a>.<\/p>\n<p>&nbsp;<\/p>\n<div id=\"droptablestable63\" class=\"droptablesresponsive droptablestable\" data-hightlight=\"0\">\n<div class=\"restableOverflow restableDefault\">\n<table id=\"droptablesTbl63\" class=\" disablePager\" data-id=\"63\" data-hidecols=\"0\" data-priority=\"{}\" data-default-sort=\"0\" data-order=\"0\" data-freeze-cols=\"0\" data-freeze-rows=\"0\" data-table-height=\"0\" data-pagesize=\"10\">\n<tbody>\n<tr class=\" row0\">\n<td class=\"dtr0 dtc0\" data-dtr=\"0\" data-dtc=\"0\"><strong>\u00c9tat<\/strong><\/td>\n<td class=\"dtr0 dtc1\" data-dtr=\"0\" data-dtc=\"1\"><strong>Signature<\/strong><\/td>\n<td class=\"dtr0 dtc2\" data-dtr=\"0\" data-dtc=\"2\"><\/td>\n<td class=\"dtr0 dtc3 tooltip\" data-dtr=\"0\" data-dtc=\"3\"><strong>RT \/ AS<span class=\"tooltiptext\"> RATIFICATION (RT)<br \/>\nACCEPTATION (AC)<br \/>\nAPPROBATION (AP)<br \/>\nADH\u00c9SION (AS)<\/span><\/strong><\/td>\n<td class=\"dtr0 dtc4 tooltip\" data-dtr=\"0\" data-dtc=\"4\"><strong>VIG<\/strong><\/td>\n<td class=\"dtr0 dtc5\" data-dtr=\"0\" data-dtc=\"5\"><strong>D<\/strong><\/td>\n<\/tr>\n<tr class=\" row1\">\n<td class=\"dtr1 dtc0\" data-dtr=\"1\" data-dtc=\"0\">Congo<\/td>\n<td class=\"dtr1 dtc1\" data-dtr=\"1\" data-dtc=\"1\">22.11.2019<\/td>\n<td class=\"dtr1 dtc2\" data-dtr=\"1\" data-dtc=\"2\">&#8211;<\/td>\n<td class=\"dtr1 dtc3\" data-dtr=\"1\" data-dtc=\"3\">&#8211;<\/td>\n<td class=\"dtr1 dtc4\" data-dtr=\"1\" data-dtc=\"4\">&#8211;<\/td>\n<td class=\"dtr1 dtc5\" data-dtr=\"1\" data-dtc=\"5\">&#8211;<\/td>\n<\/tr>\n<tr class=\" row2\">\n<td class=\"dtr2 dtc0\" data-dtr=\"2\" data-dtc=\"0\">\u00c9tats-Unis d&#8217;Am\u00e9rique<\/td>\n<td class=\"dtr2 dtc1\" data-dtr=\"2\" data-dtc=\"1\">01.10.2020<\/td>\n<td class=\"dtr2 dtc2\" data-dtr=\"2\" data-dtc=\"2\">&#8211;<\/td>\n<td class=\"dtr2 dtc3\" data-dtr=\"2\" data-dtc=\"3\">&#8211;<\/td>\n<td class=\"dtr2 dtc4\" data-dtr=\"2\" data-dtc=\"4\">&#8211;<\/td>\n<td class=\"dtr2 dtc5\" data-dtr=\"2\" data-dtc=\"5\">&#8211;<\/td>\n<\/tr>\n<tr class=\" row3\">\n<td class=\"dtr3 dtc0\" data-dtr=\"3\" data-dtc=\"0\">Gambie<\/td>\n<td class=\"dtr3 dtc1\" data-dtr=\"3\" data-dtc=\"1\">22.11.2019<\/td>\n<td class=\"dtr3 dtc2\" data-dtr=\"3\" data-dtc=\"2\">&#8211;<\/td>\n<td class=\"dtr3 dtc3\" data-dtr=\"3\" data-dtc=\"3\">&#8211;<\/td>\n<td class=\"dtr3 dtc4\" data-dtr=\"3\" data-dtc=\"4\">&#8211;<\/td>\n<td class=\"dtr3 dtc5\" data-dtr=\"3\" data-dtc=\"5\">&#8211;<\/td>\n<\/tr>\n<tr class=\" row4\">\n<td class=\"dtr4 dtc0\" data-dtr=\"4\" data-dtc=\"0\">Nig\u00e9ria<\/td>\n<td class=\"dtr4 dtc1\" data-dtr=\"4\" data-dtc=\"1\">22.11.2019<\/td>\n<td class=\"dtr4 dtc2\" data-dtr=\"4\" data-dtc=\"2\">&#8211;<\/td>\n<td class=\"dtr4 dtc3\" data-dtr=\"4\" data-dtc=\"3\">&#8211;<\/td>\n<td class=\"dtr4 dtc4\" data-dtr=\"4\" data-dtc=\"4\">&#8211;<\/td>\n<td class=\"dtr4 dtc5\" data-dtr=\"4\" data-dtc=\"5\">&#8211;<\/td>\n<\/tr>\n<tr class=\" row5\">\n<td class=\"dtr5 dtc0\" data-dtr=\"5\" data-dtc=\"0\">Paraguay<\/td>\n<td class=\"dtr5 dtc1\" data-dtr=\"5\" data-dtc=\"1\">22.11.2019<\/td>\n<td class=\"dtr5 dtc2\" data-dtr=\"5\" data-dtc=\"2\">RT<\/td>\n<td class=\"dtr5 dtc3\" data-dtr=\"5\" data-dtc=\"3\">27.11.2024<\/td>\n<td class=\"dtr5 dtc4\" data-dtr=\"5\" data-dtc=\"4\">&#8211;<\/td>\n<td class=\"dtr5 dtc5\" data-dtr=\"5\" data-dtc=\"5\"><a href=\"https:\/\/www.unidroit.org\/fr\/instruments\/garanties-internationales\/protocole-mac\/etat\/d-paraguay\/\" target=\"_blank\" rel=\"noopener\">VII(2), XXVIII(1)-(3)<\/a><\/td>\n<\/tr>\n<\/tbody>\n<\/table>\n<\/div>\n<\/div>\n<p>&nbsp;<\/p>\n<table>\n<thead>\n<tr>\n<td><strong>Organisations d\u2019Int\u00e9gration \u00c9conomique R\u00e9gionale<\/strong><\/td>\n<td><strong>Signature<\/strong><\/td>\n<td><strong>\u00a0<\/strong><\/td>\n<td><strong>RT \/ AP<\/strong><\/td>\n<td class=\"tooltip\"><strong>VIG<span class=\"tooltiptext\"> ENTR\u00c9E EN VIGUEUR <\/span><\/strong><\/td>\n<td><strong>D<\/strong><\/td>\n<\/tr>\n<\/thead>\n<tbody>\n<tr>\n<td>Union europ\u00e9enne<\/td>\n<td>20.09.2022<\/td>\n<td>&#8211;<\/td>\n<td><\/td>\n<td>&#8211;<\/td>\n<td><a href=\"https:\/\/www.unidroit.org\/fr\/instruments\/garanties-internationales\/protocole-mac\/etat\/d\/\">XXIV(2)<\/a><\/td>\n<\/tr>\n<\/tbody>\n<\/table>\n<p>&nbsp;<\/p>\n<p><a href=\"https:\/\/www.unidroit.org\/instruments\/security-interests\/cape-town-convention\/states-parties\/email-update-service\/\">SERVICE DE MISE A JOUR PAR MESSAGE ELECTRONIQUE: la Convention du Cap, le Protocole a\u00e9ronautique, le Protocole ferroviaire, le Protocole spatial et le Protocole MAC<\/a>[\/vc_column_text][\/vc_column][\/vc_row][vc_row][vc_column][vc_empty_space height=&#8221;10px&#8221;][\/vc_column][\/vc_row]<\/p>\n<\/div>","protected":false},"excerpt":{"rendered":"<p>[vc_row][vc_column css=&#8221;.vc_custom_1490017614850{margin-bottom: 30px !important;}&#8221;][vc_custom_heading text=&#8221;\u00c9TAT&#8221; font_container=&#8221;tag:h1|text_align:left&#8221; use_theme_fonts=&#8221;yes&#8221; css=&#8221;.vc_custom_1638793029292{margin-top: 0px !important;margin-bottom: 20px !important;}&#8221;][vc_custom_heading text=&#8221;PROTOCOL MAC &#8211; \u00c9TAT&#8221; font_container=&#8221;tag:h4|text_align:left&#8221; use_theme_fonts=&#8221;yes&#8221;][\/vc_column][\/vc_row][vc_row css=&#8221;.vc_custom_1622455036974{background-color: #f2f2f2 !important;}&#8221;][vc_column css=&#8221;.vc_custom_1490017614850{margin-bottom: 30px !important;}&#8221;][vc_column_text css=&#8221;&#8221;] PROTOCOLE PORTANT SUR LES QUESTIONS SP\u00c9CIFIQUES AUX MATERIELS D&#8217;EQUIPEMENT MINIERS, AGRICOLES ET DE CONSTRUCTION \u00c0 LA CONVENTION RELATIVE AUX GARANTIES&nbsp;<a href=\"https:\/\/www.unidroit.org\/fr\/instruments\/garanties-internationales\/protocole-mac\/etat\/\">&hellip;<\/a><\/p>\n","protected":false},"author":20,"featured_media":0,"parent":8465,"menu_order":0,"comment_status":"closed","ping_status":"closed","template":"","meta":{"ep_exclude_from_search":false,"footnotes":""},"class_list":["post-8480","page","type-page","status-publish","format-standard","hentry","odd"],"_links":{"self":[{"href":"https:\/\/www.unidroit.org\/fr\/wp-json\/wp\/v2\/pages\/8480","targetHints":{"allow":["GET"]}}],"collection":[{"href":"https:\/\/www.unidroit.org\/fr\/wp-json\/wp\/v2\/pages"}],"about":[{"href":"https:\/\/www.unidroit.org\/fr\/wp-json\/wp\/v2\/types\/page"}],"author":[{"embeddable":true,"href":"https:\/\/www.unidroit.org\/fr\/wp-json\/wp\/v2\/users\/20"}],"replies":[{"embeddable":true,"href":"https:\/\/www.unidroit.org\/fr\/wp-json\/wp\/v2\/comments?post=8480"}],"version-history":[{"count":4,"href":"https:\/\/www.unidroit.org\/fr\/wp-json\/wp\/v2\/pages\/8480\/revisions"}],"predecessor-version":[{"id":29761,"href":"https:\/\/www.unidroit.org\/fr\/wp-json\/wp\/v2\/pages\/8480\/revisions\/29761"}],"up":[{"embeddable":true,"href":"https:\/\/www.unidroit.org\/fr\/wp-json\/wp\/v2\/pages\/8465"}],"wp:attachment":[{"href":"https:\/\/www.unidroit.org\/fr\/wp-json\/wp\/v2\/media?parent=8480"}],"curies":[{"name":"wp","href":"https:\/\/api.w.org\/{rel}","templated":true}]}}