{"id":8491,"date":"2021-08-18T09:18:59","date_gmt":"2021-08-18T09:18:59","guid":{"rendered":"https:\/\/www.unidroit.org\/?page_id=8491"},"modified":"2021-08-18T09:19:02","modified_gmt":"2021-08-18T09:19:02","slug":"bibliographie","status":"publish","type":"page","link":"https:\/\/www.unidroit.org\/fr\/instruments\/garanties-internationales\/protocole-mac\/bibliographie\/","title":{"rendered":"Bibliographie"},"content":{"rendered":"<div class=\"wpb-content-wrapper\"><p>[vc_row][vc_column css=&#8221;.vc_custom_1490017614850{margin-bottom: 30px !important;}&#8221;][vc_custom_heading text=&#8221;BIBLIOGRAPHIE&#8221; font_container=&#8221;tag:h1|text_align:left&#8221; use_theme_fonts=&#8221;yes&#8221; css=&#8221;.vc_custom_1629278386674{margin-top: 0px !important;margin-bottom: 20px !important;}&#8221;][vc_custom_heading text=&#8221;PROTOCOLE MAC &#8211; BIBLIOGRAPHIE<br \/>\n&#8221; font_container=&#8221;tag:h4|text_align:left&#8221; use_theme_fonts=&#8221;yes&#8221;][\/vc_column][\/vc_row][vc_row css=&#8221;.vc_custom_1622455036974{background-color: #f2f2f2 !important;}&#8221;][vc_column css=&#8221;.vc_custom_1490017614850{margin-bottom: 30px !important;}&#8221;][vc_column_text]<strong>Select bibliography on the Protocol to the Convention on International Interests in Mobile Equipment on Matters Specific to Mining, Agricultural and Construction Equipment (Pretoria, 11 &#8211; 22 November 2019)<\/strong><\/p>\n<p><strong>Informations bibliographiques sur le Protocole portant sur les mat\u00e9riels d\u2019\u00e9quipement miniers, agricoles et de construction \u00e0 la Convention relative aux garanties internationales portant sur des mat\u00e9riels d\u2019\u00e9quipement mobiles (Pretoria, 11 &#8211; 22 novembre 2019)<\/strong><\/p>\n<p>&nbsp;<\/p>\n<p>&#8212;<\/p>\n<p>Benjamin von Bodungen and Ole Boeger,\u00a0<a href=\"https:\/\/papers.ssrn.com\/sol3\/papers.cfm?abstract_id=3462290\" target=\"_blank\" rel=\"noopener\">The Draft MAC Protocol to the UNIDROIT Cape Town Convention on International Interests in Mobile Equipment: A New International Regime for Security Interests in Mining, Agricultural and Construction (MAC) Equipment<\/a>, Uniform Commercial Code Law Journal Vol. 49 (2019), 45-122<\/p>\n<p>Cowan, Rob,\u00a0<a href=\"https:\/\/macprotocol.info\/wp-content\/uploads\/2019\/10\/MAC-and-Aircraft-IR-comparison-paper-Summary-for-MAC-Dip-Conf-2019.pdf\" target=\"_blank\" rel=\"noopener\">Comparison of the Aircraft and MAC International Registries \u2013 A Summary<\/a>. (October 2019).<\/p>\n<p>Gullifer, Louise,\u00a0<a href=\"https:\/\/papers.ssrn.com\/sol3\/papers.cfm?abstract_id=3146798\" target=\"_blank\" rel=\"noopener\">A Comparison of the Position of Buyers Under the Cape Town Convention, the Three Existing Protocols and the Draft MAC Protocol<\/a>. (January 30, 2018).<\/p>\n<p>Teresa Rodr\u00edguez de las Heras Ballell,\u00a0<a href=\"https:\/\/academic.oup.com\/ulr\/article-abstract\/23\/2\/214\/4992865\" target=\"_blank\" rel=\"noopener\">Complexities arising from the expansion of the Cape Town Convention to other sectors: the MAC Protocol\u2019s challenges and innovative solutions<\/a>, Uniform Law Review, Volume 23, Issue 2, June 2018, Pages 214\u2013241<\/p>\n<p>Benjamin von Bodungen and Charles W. Mooney, Jr,\u00a0<a href=\"https:\/\/ctcjournal.net\/index.php\/ctcj\/article\/view\/5\" target=\"_blank\" rel=\"noopener\">Immovable-Associated Equipment under the Draft Mac Protocol: A Sui Generis Challenge for the Cape Town Convention<\/a>, Cape Town Convention Journal, 2017, Vol 6<\/p>\n<p>Marek Dubovec,\u00a0<a href=\"https:\/\/ctcjournal.net\/index.php\/ctcj\/article\/view\/6\" target=\"_blank\" rel=\"noopener\">Accessions and Non-Accessions under the Cape Town Convention: Special Focus on MAC Equipment<\/a>, Cape Town Convention Journal, 2017, Vol 6<\/p>\n<p>Teresa Rodr\u00edguez de las Heras Ballell and Megumi Hara,\u00a0<a href=\"https:\/\/ctcjournal.net\/index.php\/ctcj\/article\/view\/4\" target=\"_blank\" rel=\"noopener\">MAC Protocol and Treaty Design: Examination of the Delimitation of Scope and Mechanism of Amendment<\/a>, Cape Town Convention Journal, Vol 6, 2017.<\/p>\n<p>Marek Dubovec and Phillip L Durham,\u00a0<a href=\"https:\/\/www.hklaw.com\/files\/Uploads\/Documents\/Articles\/012017-Durham-EquipmentFinance.pdf\" target=\"_blank\" rel=\"noopener\">More Good News From Cape Town: How the New MAC Protocol Will Benefit the Mining, Agriculture and Construction Industries<\/a>, Journal of Equipment Lease Financing, Volume 35, Number 1, Winter 2017<\/p>\n<p>Henry Deeb Gabriel,\u00a0<a href=\"https:\/\/www.tandfonline.com\/doi\/full\/10.1080\/2049761X.2015.1104842\" target=\"_blank\" rel=\"noopener\">The MAC Protocol: We Aren\u2019t There Yet \u2013 How Far Do We Have To Go?<\/a>, Cape Town Convention Journal, Volume 4, 2015 \u2013 Issue 1, 04 Nov 2015.<\/p>\n<p>Charles W Mooney Jr,\u00a0<a href=\"https:\/\/www.tandfonline.com\/doi\/full\/10.1080\/2049761X.2015.1104843\" target=\"_blank\" rel=\"noopener\">The MAC Protocol: some comments and a challenge<\/a>. Cape Town Convention Journal, Volume 4, 2015 \u2013 Issue 1, 05 Nov 2015, Pages 76-82[\/vc_column_text][\/vc_column][\/vc_row][vc_row][vc_column][vc_empty_space height=&#8221;10px&#8221;][\/vc_column][\/vc_row]<\/p>\n<\/div>","protected":false},"excerpt":{"rendered":"<p>[vc_row][vc_column css=&#8221;.vc_custom_1490017614850{margin-bottom: 30px !important;}&#8221;][vc_custom_heading text=&#8221;BIBLIOGRAPHIE&#8221; font_container=&#8221;tag:h1|text_align:left&#8221; use_theme_fonts=&#8221;yes&#8221; css=&#8221;.vc_custom_1629278386674{margin-top: 0px !important;margin-bottom: 20px !important;}&#8221;][vc_custom_heading text=&#8221;PROTOCOLE MAC &#8211; BIBLIOGRAPHIE &#8221; font_container=&#8221;tag:h4|text_align:left&#8221; use_theme_fonts=&#8221;yes&#8221;][\/vc_column][\/vc_row][vc_row css=&#8221;.vc_custom_1622455036974{background-color: #f2f2f2 !important;}&#8221;][vc_column css=&#8221;.vc_custom_1490017614850{margin-bottom: 30px !important;}&#8221;][vc_column_text]Select bibliography on the Protocol to the Convention on International Interests in Mobile Equipment on Matters Specific to Mining, Agricultural and&nbsp;<a href=\"https:\/\/www.unidroit.org\/fr\/instruments\/garanties-internationales\/protocole-mac\/bibliographie\/\">&hellip;<\/a><\/p>\n","protected":false},"author":20,"featured_media":0,"parent":8465,"menu_order":0,"comment_status":"closed","ping_status":"closed","template":"","meta":{"ep_exclude_from_search":false,"footnotes":""},"class_list":["post-8491","page","type-page","status-publish","format-standard","hentry","odd"],"_links":{"self":[{"href":"https:\/\/www.unidroit.org\/fr\/wp-json\/wp\/v2\/pages\/8491","targetHints":{"allow":["GET"]}}],"collection":[{"href":"https:\/\/www.unidroit.org\/fr\/wp-json\/wp\/v2\/pages"}],"about":[{"href":"https:\/\/www.unidroit.org\/fr\/wp-json\/wp\/v2\/types\/page"}],"author":[{"embeddable":true,"href":"https:\/\/www.unidroit.org\/fr\/wp-json\/wp\/v2\/users\/20"}],"replies":[{"embeddable":true,"href":"https:\/\/www.unidroit.org\/fr\/wp-json\/wp\/v2\/comments?post=8491"}],"version-history":[{"count":0,"href":"https:\/\/www.unidroit.org\/fr\/wp-json\/wp\/v2\/pages\/8491\/revisions"}],"up":[{"embeddable":true,"href":"https:\/\/www.unidroit.org\/fr\/wp-json\/wp\/v2\/pages\/8465"}],"wp:attachment":[{"href":"https:\/\/www.unidroit.org\/fr\/wp-json\/wp\/v2\/media?parent=8491"}],"curies":[{"name":"wp","href":"https:\/\/api.w.org\/{rel}","templated":true}]}}